{"id":23,"date":"2015-10-15T15:32:40","date_gmt":"2015-10-15T15:32:40","guid":{"rendered":"http:\/\/wpoffice\/construction\/?page_id=23"},"modified":"2023-02-22T17:22:42","modified_gmt":"2023-02-22T17:22:42","slug":"contact-us","status":"publish","type":"page","link":"https:\/\/swell-marine.com\/fr\/contact-us\/","title":{"rendered":"Contact"},"content":{"rendered":"<style type=\"text\/css\" data-created_by=\"avia_inline_auto\" id=\"style-css-av-xg3v-03b12562322fc56ed9f3d2d53c75bd76\">\n.flex_column.av-xg3v-03b12562322fc56ed9f3d2d53c75bd76{\nborder-radius:0px 0px 0px 0px;\n-webkit-border-radius:0px 0px 0px 0px;\n-moz-border-radius:0px 0px 0px 0px;\n}\n<\/style>\n<div class='flex_column av-xg3v-03b12562322fc56ed9f3d2d53c75bd76 av_two_third  avia-builder-el-0  el_before_av_one_third  avia-builder-el-first  first flex_column_div  av-animated-generic bottom-to-top av-zero-column-padding'   ><p>\n<style type=\"text\/css\" data-created_by=\"avia_inline_auto\" id=\"style-css-av-8tnwb-4d30e3a8fb5a8fbc197207f74b837b49\">\n#top .av-special-heading.av-8tnwb-4d30e3a8fb5a8fbc197207f74b837b49{\npadding-bottom:0px;\n}\n<\/style>\n<div  class='av-special-heading av-8tnwb-4d30e3a8fb5a8fbc197207f74b837b49 av-special-heading-h3 blockquote modern-quote  avia-builder-el-1  el_before_av_hr  avia-builder-el-first'><h3 class='av-special-heading-tag'  itemprop=\"headline\"  >Prenez contact avec nous<\/h3><div class='special-heading-border'><div class='special-heading-inner-border'><\/div><\/div><\/div><br \/>\n\n<style type=\"text\/css\" data-created_by=\"avia_inline_auto\" id=\"style-css-av-7suz3-779a599921db34b60474df621cf25ec6\">\n#top .hr.av-7suz3-779a599921db34b60474df621cf25ec6{\nmargin-top:10px;\nmargin-bottom:10px;\n}\n.hr.av-7suz3-779a599921db34b60474df621cf25ec6 .hr-inner{\nwidth:50px;\nborder-color:#efbb20;\n}\n<\/style>\n<div  class='hr av-7suz3-779a599921db34b60474df621cf25ec6 hr-custom  avia-builder-el-2  el_after_av_heading  el_before_av_contact  hr-left hr-icon-no'><span class='hr-inner inner-border-av-border-fat'><span class=\"hr-inner-style\"><\/span><\/span><\/div><br \/>\n<form action=\"https:\/\/swell-marine.com\/fr\/contact-us\/\" method=\"post\"  class=\"avia_ajax_form av-form-labels-visible   avia-builder-el-3  el_after_av_hr  avia-builder-el-last\" data-avia-form-id=\"1\" data-avia-redirect='' data-trp-original-action=\"https:\/\/swell-marine.com\/fr\/contact-us\/\" ><fieldset><p class='first_form  form_element form_element_half' id='element_avia_1_1'><label for=\"avia_1_1\">Nom <abbr class=\"required\" title=\"requis(e)\">*<\/abbr><\/label> <input name=\"avia_1_1\" class=\"text_input is_empty\" type=\"text\" id=\"avia_1_1\" value=\"\" \/><\/p><p class='form_element form_element_half' id='element_avia_2_1'><label for=\"avia_2_1\">E-Mail <abbr class=\"required\" title=\"requis(e)\">*<\/abbr><\/label> <input name=\"avia_2_1\" class=\"text_input is_email\" type=\"text\" id=\"avia_2_1\" value=\"\" \/><\/p><p class='first_form  form_element form_element_half' id='element_avia_3_1'><label for=\"avia_3_1\">Sujet <abbr class=\"required\" title=\"requis(e)\">*<\/abbr><\/label> <input name=\"avia_3_1\" class=\"text_input is_empty\" type=\"text\" id=\"avia_3_1\" value=\"\" \/><\/p><p class='first_form  form_element form_fullwidth' id='element_avia_4_1'><label for=\"avia_4_1\" class=\"textare_label hidden textare_label_avia_4_1\">Message <abbr class=\"required\" title=\"requis(e)\">*<\/abbr><\/label><textarea  name=\"avia_4_1\" class=\"text_area is_empty\" cols=\"40\" rows=\"7\" id=\"avia_4_1\" ><\/textarea><\/p><p class=\"hidden\"><input type=\"text\" name=\"avia_5_1\" class=\"hidden\" id=\"avia_5_1\" value=\"\" \/><\/p><p class='form_element form_fullwidth' id='element_avia_6_1'><span class='value_verifier_label'>0 + 6 = ?<\/span><input name=\"avia_6_1_verifier\" type=\"hidden\" id=\"avia_6_1_verifier\" value=\"741563434\"\/><label for=\"avia_6_1\">Merci de prouver que vous \u00eates un humain en donnant le r\u00e9sultat de cette op\u00e9ration <abbr class=\"required\" title=\"requis(e)\">*<\/abbr><\/label><input name=\"avia_6_1\" class=\"text_input captcha\" type=\"text\" id=\"avia_6_1\" value=\"\"\/><\/p><p class=\"form_element\"><input type=\"hidden\" value=\"1\" name=\"avia_generated_form1\" \/><input type=\"submit\" value=\"Prenez contact avec nous\" class=\"button\"  data-sending-label=\"Envoi\"\/><\/p><\/fieldset><input type=\"hidden\" name=\"trp-form-language\" value=\"fr\"\/><\/form><div id=\"ajaxresponse_1\" class=\"ajaxresponse ajaxresponse_1 hidden\"><\/div><\/p><\/div>\n<style type=\"text\/css\" data-created_by=\"avia_inline_auto\" id=\"style-css-av-3n0lv-13c39a3ce64eb3f2649ac2962b2e8b3a\">\n.flex_column.av-3n0lv-13c39a3ce64eb3f2649ac2962b2e8b3a{\nborder-radius:0px 0px 0px 0px;\n-webkit-border-radius:0px 0px 0px 0px;\n-moz-border-radius:0px 0px 0px 0px;\n}\n<\/style>\n<div class='flex_column av-3n0lv-13c39a3ce64eb3f2649ac2962b2e8b3a av_one_third  avia-builder-el-4  el_after_av_two_third  avia-builder-el-last  flex_column_div  av-animated-generic bottom-to-top av-zero-column-padding'   ><p>\n<style type=\"text\/css\" data-created_by=\"avia_inline_auto\" id=\"style-css-av-3b82j-aaa32a5d41e39054d6125631b71011fa\">\n#top .av-special-heading.av-3b82j-aaa32a5d41e39054d6125631b71011fa{\npadding-bottom:0px;\n}\n<\/style>\n<div  class='av-special-heading av-3b82j-aaa32a5d41e39054d6125631b71011fa av-special-heading-h3 blockquote modern-quote  avia-builder-el-5  el_before_av_hr  avia-builder-el-first'><h3 class='av-special-heading-tag'  itemprop=\"headline\"  >Autres fa\u00e7ons de nous contacter<\/h3><div class='special-heading-border'><div class='special-heading-inner-border'><\/div><\/div><\/div><br \/>\n\n<style type=\"text\/css\" data-created_by=\"avia_inline_auto\" id=\"style-css-av-2jp3j-bc9aa5e3fad5ca12152389b027a50287\">\n#top .hr.av-2jp3j-bc9aa5e3fad5ca12152389b027a50287{\nmargin-top:10px;\nmargin-bottom:10px;\n}\n.hr.av-2jp3j-bc9aa5e3fad5ca12152389b027a50287 .hr-inner{\nwidth:50px;\nborder-color:#efbb20;\n}\n<\/style>\n<div  class='hr av-2jp3j-bc9aa5e3fad5ca12152389b027a50287 hr-custom  avia-builder-el-6  el_after_av_heading  el_before_av_textblock  hr-left hr-icon-no'><span class='hr-inner inner-border-av-border-fat'><span class=\"hr-inner-style\"><\/span><\/span><\/div><br \/>\n<section class=\"av_textblock_section\"  itemscope=\"itemscope\" itemtype=\"https:\/\/schema.org\/CreativeWork\" ><div class='avia_textblock'   itemprop=\"text\" ><p><strong>Adresse<\/strong><\/p>\n<p>Route Moulay Thami, R\u00e9s. Miftah al Khair, Im C, N\u00b08 Casablanca, Morocco<\/p>\n<p><strong>Contact\u00a0<\/strong><\/p>\n<p><span style=\"color: #000000;\"><a style=\"color: #000000;\" href=\"mailto:info@swell-marine.com\">? info@swell-marine.com<\/a><\/span><\/p>\n<h6><em>Pour les op\u00e9rations<\/em> :<\/h6>\n<p><em><span class=\"p_icon_fax\"><img decoding=\"async\" src=\"https:\/\/swell-marine.com\/wp-content\/plugins\/contact-us-page-contact-people\/assets\/images\/p_icon_fax.png\" \/><\/span>\u00a000212522934046<\/em><\/p>\n<p><em><span class=\"p_icon_mobile\"><img decoding=\"async\" src=\"https:\/\/swell-marine.com\/wp-content\/plugins\/contact-us-page-contact-people\/assets\/images\/p_icon_mobile.png\" \/><\/span>\u00a0<span style=\"color: #000000;\"><a style=\"color: #000000;\" href=\"tel:00212664373867\">00212664373867<\/a><\/span><\/em><\/p>\n<h6><em>Pour les informations<\/em> :<\/h6>\n<p><em><span class=\"p_icon_fax\"><img decoding=\"async\" src=\"https:\/\/swell-marine.com\/wp-content\/plugins\/contact-us-page-contact-people\/assets\/images\/p_icon_fax.png\" \/><\/span>\u00a000212522934046<\/em><\/p>\n<p><em><span class=\"p_icon_mobile\"><img decoding=\"async\" src=\"https:\/\/swell-marine.com\/wp-content\/plugins\/contact-us-page-contact-people\/assets\/images\/p_icon_mobile.png\" \/><\/span>\u00a0<span style=\"color: #000000;\"><a style=\"color: #000000;\" href=\"tel:00212665766929\">00212665766929<\/a><\/span><\/em><\/p>\n<p><strong>Horaires d'ouverture :<\/strong><br \/>\nlun-ven : 8:30-18:30<br \/>\nSa: 8:00-12:30<br \/>\nDimanche : Ferm\u00e9<\/p>\n<\/div><\/section><\/p><\/div><\/p>","protected":false},"excerpt":{"rendered":"","protected":false},"author":1,"featured_media":0,"parent":0,"menu_order":0,"comment_status":"closed","ping_status":"closed","template":"","meta":{"_mi_skip_tracking":false},"yoast_head":"<!-- This site is optimized with the Yoast SEO plugin v20.1 - https:\/\/yoast.com\/wordpress\/plugins\/seo\/ -->\n<title>Contact - Swell Marine<\/title>\n<meta name=\"robots\" content=\"index, follow, max-snippet:-1, max-image-preview:large, max-video-preview:-1\" \/>\n<link rel=\"canonical\" href=\"https:\/\/swell-marine.com\/fr\/contact-us\/\" \/>\n<meta property=\"og:locale\" content=\"fr_FR\" \/>\n<meta property=\"og:type\" content=\"article\" \/>\n<meta property=\"og:title\" content=\"Contact - Swell Marine\" \/>\n<meta property=\"og:url\" content=\"https:\/\/swell-marine.com\/fr\/contact-us\/\" \/>\n<meta property=\"og:site_name\" content=\"Swell Marine\" \/>\n<meta property=\"article:modified_time\" content=\"2023-02-22T17:22:42+00:00\" \/>\n<meta property=\"og:image\" content=\"https:\/\/swell-marine.com\/wp-content\/plugins\/contact-us-page-contact-people\/assets\/images\/p_icon_fax.png\" \/>\n<meta name=\"twitter:card\" content=\"summary_large_image\" \/>\n<meta name=\"twitter:label1\" content=\"Dur\u00e9e de lecture estim\u00e9e\" \/>\n\t<meta name=\"twitter:data1\" content=\"2 minutes\" \/>\n<script type=\"application\/ld+json\" class=\"yoast-schema-graph\">{\"@context\":\"https:\/\/schema.org\",\"@graph\":[{\"@type\":\"WebPage\",\"@id\":\"https:\/\/swell-marine.com\/contact-us\/\",\"url\":\"https:\/\/swell-marine.com\/contact-us\/\",\"name\":\"Contact - Swell Marine\",\"isPartOf\":{\"@id\":\"https:\/\/swell-marine.com\/#website\"},\"datePublished\":\"2015-10-15T15:32:40+00:00\",\"dateModified\":\"2023-02-22T17:22:42+00:00\",\"breadcrumb\":{\"@id\":\"https:\/\/swell-marine.com\/contact-us\/#breadcrumb\"},\"inLanguage\":\"fr-FR\",\"potentialAction\":[{\"@type\":\"ReadAction\",\"target\":[\"https:\/\/swell-marine.com\/contact-us\/\"]}]},{\"@type\":\"BreadcrumbList\",\"@id\":\"https:\/\/swell-marine.com\/contact-us\/#breadcrumb\",\"itemListElement\":[{\"@type\":\"ListItem\",\"position\":1,\"name\":\"Home\",\"item\":\"https:\/\/swell-marine.com\/home\/\"},{\"@type\":\"ListItem\",\"position\":2,\"name\":\"Contact\"}]},{\"@type\":\"WebSite\",\"@id\":\"https:\/\/swell-marine.com\/#website\",\"url\":\"https:\/\/swell-marine.com\/\",\"name\":\"Swell Marine Services\",\"description\":\"Underwater Works &amp; Marine Services\",\"publisher\":{\"@id\":\"https:\/\/swell-marine.com\/#organization\"},\"potentialAction\":[{\"@type\":\"SearchAction\",\"target\":{\"@type\":\"EntryPoint\",\"urlTemplate\":\"https:\/\/swell-marine.com\/?s={search_term_string}\"},\"query-input\":\"required name=search_term_string\"}],\"inLanguage\":\"fr-FR\"},{\"@type\":\"Organization\",\"@id\":\"https:\/\/swell-marine.com\/#organization\",\"name\":\"Swell Marine Services\",\"url\":\"https:\/\/swell-marine.com\/\",\"logo\":{\"@type\":\"ImageObject\",\"inLanguage\":\"fr-FR\",\"@id\":\"https:\/\/swell-marine.com\/#\/schema\/logo\/image\/\",\"url\":\"https:\/\/swell-marine.com\/wp-content\/uploads\/2019\/03\/Swell-Marine-Services-Logo-A2-2.png\",\"contentUrl\":\"https:\/\/swell-marine.com\/wp-content\/uploads\/2019\/03\/Swell-Marine-Services-Logo-A2-2.png\",\"width\":2000,\"height\":2000,\"caption\":\"Swell Marine Services\"},\"image\":{\"@id\":\"https:\/\/swell-marine.com\/#\/schema\/logo\/image\/\"}}]}<\/script>\n<!-- \/ Yoast SEO plugin. -->","yoast_head_json":{"title":"Contact - Swell Marine","robots":{"index":"index","follow":"follow","max-snippet":"max-snippet:-1","max-image-preview":"max-image-preview:large","max-video-preview":"max-video-preview:-1"},"canonical":"https:\/\/swell-marine.com\/fr\/contact-us\/","og_locale":"fr_FR","og_type":"article","og_title":"Contact - Swell Marine","og_url":"https:\/\/swell-marine.com\/fr\/contact-us\/","og_site_name":"Swell Marine","article_modified_time":"2023-02-22T17:22:42+00:00","og_image":[{"url":"https:\/\/swell-marine.com\/wp-content\/plugins\/contact-us-page-contact-people\/assets\/images\/p_icon_fax.png"}],"twitter_card":"summary_large_image","twitter_misc":{"Dur\u00e9e de lecture estim\u00e9e":"2 minutes"},"schema":{"@context":"https:\/\/schema.org","@graph":[{"@type":"WebPage","@id":"https:\/\/swell-marine.com\/contact-us\/","url":"https:\/\/swell-marine.com\/contact-us\/","name":"Contact - Swell Marine","isPartOf":{"@id":"https:\/\/swell-marine.com\/#website"},"datePublished":"2015-10-15T15:32:40+00:00","dateModified":"2023-02-22T17:22:42+00:00","breadcrumb":{"@id":"https:\/\/swell-marine.com\/contact-us\/#breadcrumb"},"inLanguage":"fr-FR","potentialAction":[{"@type":"ReadAction","target":["https:\/\/swell-marine.com\/contact-us\/"]}]},{"@type":"BreadcrumbList","@id":"https:\/\/swell-marine.com\/contact-us\/#breadcrumb","itemListElement":[{"@type":"ListItem","position":1,"name":"Home","item":"https:\/\/swell-marine.com\/home\/"},{"@type":"ListItem","position":2,"name":"Contact"}]},{"@type":"WebSite","@id":"https:\/\/swell-marine.com\/#website","url":"https:\/\/swell-marine.com\/","name":"Swell Marine Services","description":"Underwater Works &amp; Marine Services","publisher":{"@id":"https:\/\/swell-marine.com\/#organization"},"potentialAction":[{"@type":"SearchAction","target":{"@type":"EntryPoint","urlTemplate":"https:\/\/swell-marine.com\/?s={search_term_string}"},"query-input":"required name=search_term_string"}],"inLanguage":"fr-FR"},{"@type":"Organization","@id":"https:\/\/swell-marine.com\/#organization","name":"Swell Marine Services","url":"https:\/\/swell-marine.com\/","logo":{"@type":"ImageObject","inLanguage":"fr-FR","@id":"https:\/\/swell-marine.com\/#\/schema\/logo\/image\/","url":"https:\/\/swell-marine.com\/wp-content\/uploads\/2019\/03\/Swell-Marine-Services-Logo-A2-2.png","contentUrl":"https:\/\/swell-marine.com\/wp-content\/uploads\/2019\/03\/Swell-Marine-Services-Logo-A2-2.png","width":2000,"height":2000,"caption":"Swell Marine Services"},"image":{"@id":"https:\/\/swell-marine.com\/#\/schema\/logo\/image\/"}}]}},"_links":{"self":[{"href":"https:\/\/swell-marine.com\/fr\/wp-json\/wp\/v2\/pages\/23"}],"collection":[{"href":"https:\/\/swell-marine.com\/fr\/wp-json\/wp\/v2\/pages"}],"about":[{"href":"https:\/\/swell-marine.com\/fr\/wp-json\/wp\/v2\/types\/page"}],"author":[{"embeddable":true,"href":"https:\/\/swell-marine.com\/fr\/wp-json\/wp\/v2\/users\/1"}],"replies":[{"embeddable":true,"href":"https:\/\/swell-marine.com\/fr\/wp-json\/wp\/v2\/comments?post=23"}],"version-history":[{"count":3,"href":"https:\/\/swell-marine.com\/fr\/wp-json\/wp\/v2\/pages\/23\/revisions"}],"predecessor-version":[{"id":734,"href":"https:\/\/swell-marine.com\/fr\/wp-json\/wp\/v2\/pages\/23\/revisions\/734"}],"wp:attachment":[{"href":"https:\/\/swell-marine.com\/fr\/wp-json\/wp\/v2\/media?parent=23"}],"curies":[{"name":"wp","href":"https:\/\/api.w.org\/{rel}","templated":true}]}}