{"id":6,"date":"2019-02-20T12:05:23","date_gmt":"2019-02-20T12:05:23","guid":{"rendered":"http:\/\/swell-marine.com\/?page_id=6"},"modified":"2023-02-22T16:38:40","modified_gmt":"2023-02-22T16:38:40","slug":"who-we-are","status":"publish","type":"page","link":"https:\/\/swell-marine.com\/fr\/who-we-are\/","title":{"rendered":"Qui sommes-nous ?"},"content":{"rendered":"<style type=\"text\/css\" data-created_by=\"avia_inline_auto\" id=\"style-css-av-ledc24e2-581743370ff178e124a1451561ba1056\">\n#top .av-special-heading.av-ledc24e2-581743370ff178e124a1451561ba1056{\npadding-bottom:10px;\n}\n<\/style>\n<div  class='av-special-heading av-ledc24e2-581743370ff178e124a1451561ba1056 av-special-heading-h2 blockquote modern-quote modern-centered  avia-builder-el-0  el_before_av_hr  avia-builder-el-first'><h2 class='av-special-heading-tag'  itemprop=\"headline\"  >L'entreprise. Nos valeurs fondamentales. Nos croyances.<\/h2><div class='special-heading-border'><div class='special-heading-inner-border'><\/div><\/div><\/div>\n\n<style type=\"text\/css\" data-created_by=\"avia_inline_auto\" id=\"style-css-av-ledc41jb-3f0a6057637010d4a39886e31b7d8d50\">\n#top .hr.av-ledc41jb-3f0a6057637010d4a39886e31b7d8d50{\nmargin-top:5px;\nmargin-bottom:75px;\n}\n.hr.av-ledc41jb-3f0a6057637010d4a39886e31b7d8d50 .hr-inner{\nwidth:50px;\nborder-color:#efbb20;\n}\n<\/style>\n<div  class='hr av-ledc41jb-3f0a6057637010d4a39886e31b7d8d50 hr-custom  avia-builder-el-1  el_after_av_heading  el_before_av_timeline  hr-center hr-icon-no'><span class='hr-inner inner-border-av-border-fat'><span class=\"hr-inner-style\"><\/span><\/span><\/div>\n<div  id=\"avia-timeline-1\"  class='avia-timeline-container    avia-builder-el-2  el_after_av_hr  el_before_av_hr' ><ul class='avia-timeline avia-timeline-vertical av-milestone-placement-left avia-timeline- avia_animate_when_almost_visible'>\n<li  class='av-milestone av-animated-generic fade-in av-milestone-odd  av-milestone-valign-baseline'><h2 class='av-milestone-date' style='color:#0a0000; ' id='milestone-who-we-are'><strong>Qui sommes-nous ?<span class='av-milestone-indicator'style='background-color:#fce201; '><\/span><\/strong><\/h2><div class=\"av-milestone-icon-wrap\"><span class='milestone_icon milestone-icon-hasborder avia-font-entypo-fontello' style='background-color:#2c353d; '><span class='milestone_inner' style='background-color:#fce201; color:#2c353d; '><i class='milestone-char' aria-hidden='true' data-av_icon='\ue81d' data-av_iconfont='entypo-fontello'><\/i><\/span><\/span><\/div><article class='av-milestone-content-wrap'><div class='av-milestone-contentbox' ><div class='av-milestone-content' ><h6><b>SWELL MARINE\u00a0<\/b><b>SERVICES<\/b>\u00a0est le nom de la solide exp\u00e9rience de notre \u00e9quipe, qui compte plus de 20 ans de services multi et transdisciplinaires de plong\u00e9e commerciale et de construction marine dans le cadre de projets nationaux et \u00e9trangers.<\/h6>\n<h6>Fond\u00e9e et dirig\u00e9e par un plongeur \u00e0 temps plein<\/h6>\n<\/div><\/div><footer style='background-color:#fce201; ' class='entry-footer'><\/footer><\/article><\/li>\n<li  class='av-milestone av-animated-generic fade-in av-milestone-even  av-milestone-valign-baseline'><h2 class='av-milestone-date' style='color:#0a0000; ' id='milestone-how-we-operate'><strong>Comment nous op\u00e9rons<span class='av-milestone-indicator'style='background-color:#fce201; '><\/span><\/strong><\/h2><div class=\"av-milestone-icon-wrap\"><span class='milestone_icon milestone-icon-hasborder avia-font-entypo-fontello' style='background-color:#2c353d; '><span class='milestone_inner' style='background-color:#fce201; color:#2c353d; '><i class='milestone-char' aria-hidden='true' data-av_icon='\ue855' data-av_iconfont='entypo-fontello'><\/i><\/span><\/span><\/div><article class='av-milestone-content-wrap'><div class='av-milestone-contentbox' ><div class='av-milestone-content' ><h6>D\u00e8s que vous nous confiez votre projet, nous mettons en place l'\u00e9quipe la plus responsable et la plus efficace.<\/h6>\n<h6>Nous sommes attentifs aux d\u00e9tails afin de pouvoir mettre en place les solutions les plus efficaces et les moins co\u00fbteuses en terme de temps et d'argent.<\/h6>\n<h6>Nous op\u00e9rons avec des normes de s\u00e9curit\u00e9 \u00e9lev\u00e9es, non seulement parce que c'est la loi, mais aussi parce que nous appr\u00e9cions nos plongeurs.<\/h6>\n<\/div><\/div><footer style='background-color:#fce201; ' class='entry-footer'><\/footer><\/article><\/li>\n<li  class='av-milestone av-animated-generic fade-in av-milestone-odd  av-milestone-valign-baseline'><h2 class='av-milestone-date' style='color:#0a0000; ' id='milestone-why-us'><strong>Pourquoi nous choisir ?<span class='av-milestone-indicator'style='background-color:#fce201; '><\/span><\/strong><\/h2><div class=\"av-milestone-icon-wrap\"><span class='milestone_icon milestone-icon-hasborder avia-font-entypo-fontello' style='background-color:#2c353d; '><span class='milestone_inner' style='background-color:#fce201; color:#2c353d; '><i class='milestone-char' aria-hidden='true' data-av_icon='\ue812' data-av_iconfont='entypo-fontello'><\/i><\/span><\/span><\/div><article class='av-milestone-content-wrap'><div class='av-milestone-contentbox' ><div class='av-milestone-content' ><h6><span style=\"color: #000000;\">Parce que nous prenons la s\u00e9curit\u00e9 et l'efficacit\u00e9 tr\u00e8s au s\u00e9rieux.<\/span><\/h6>\n<\/div><\/div><footer style='background-color:#fce201; ' class='entry-footer'><\/footer><\/article><\/li>\n<\/ul><\/div>\n\n<style type=\"text\/css\" data-created_by=\"avia_inline_auto\" id=\"style-css-av-ledcw23l-62e85baa8c64a0d5f1d567fe66b5e185\">\n#top .hr.hr-invisible.av-ledcw23l-62e85baa8c64a0d5f1d567fe66b5e185{\nheight:30px;\n}\n<\/style>\n<div  class='hr av-ledcw23l-62e85baa8c64a0d5f1d567fe66b5e185 hr-invisible  avia-builder-el-3  el_after_av_timeline  el_before_av_two_third'><span class='hr-inner'><span class=\"hr-inner-style\"><\/span><\/span><\/div>\n<div class='flex_column av-c6sa-d613438beafbd5cc3396c60b35617999 av_two_third  avia-builder-el-4  el_after_av_hr  el_before_av_one_third  first flex_column_div'   ><p>\n<style type=\"text\/css\" data-created_by=\"avia_inline_auto\" id=\"style-css-av-ledcaor6-24edabfa595931cb210dab26ee1802e8\">\n#top .av-special-heading.av-ledcaor6-24edabfa595931cb210dab26ee1802e8{\npadding-bottom:10px;\n}\n<\/style>\n<div  class='av-special-heading av-ledcaor6-24edabfa595931cb210dab26ee1802e8 av-special-heading-h3 blockquote modern-quote modern-centered  avia-builder-el-5  el_before_av_hr  avia-builder-el-first'><h3 class='av-special-heading-tag'  itemprop=\"headline\"  >Pour plus de d\u00e9tails, veuillez nous contacter<\/h3><div class='special-heading-border'><div class='special-heading-inner-border'><\/div><\/div><\/div><br \/>\n\n<style type=\"text\/css\" data-created_by=\"avia_inline_auto\" id=\"style-css-av-4zq6-eaff586de1dda06901e71a7d0b29a46c\">\n#top .hr.av-4zq6-eaff586de1dda06901e71a7d0b29a46c{\nmargin-top:5px;\nmargin-bottom:75px;\n}\n.hr.av-4zq6-eaff586de1dda06901e71a7d0b29a46c .hr-inner{\nwidth:50px;\nborder-color:#efbb20;\n}\n<\/style>\n<div  class='hr av-4zq6-eaff586de1dda06901e71a7d0b29a46c hr-custom  avia-builder-el-6  el_after_av_heading  el_before_av_contact  hr-center hr-icon-no'><span class='hr-inner inner-border-av-border-fat'><span class=\"hr-inner-style\"><\/span><\/span><\/div><br \/>\n<form action=\"https:\/\/swell-marine.com\/fr\/who-we-are\/\" method=\"post\"  class=\"avia_ajax_form av-form-labels-visible   avia-builder-el-7  el_after_av_hr  avia-builder-el-last\" data-avia-form-id=\"1\" data-avia-redirect='' data-trp-original-action=\"https:\/\/swell-marine.com\/fr\/who-we-are\/\" ><fieldset><p class='first_form  form_element form_fullwidth' id='element_avia_1_1'><label for=\"avia_1_1\">Nom <abbr class=\"required\" title=\"requis(e)\">*<\/abbr><\/label> <input name=\"avia_1_1\" class=\"text_input is_empty\" type=\"text\" id=\"avia_1_1\" value=\"\" \/><\/p><p class='first_form  form_element form_fullwidth' id='element_avia_2_1'><label for=\"avia_2_1\">E-Mail <abbr class=\"required\" title=\"requis(e)\">*<\/abbr><\/label> <input name=\"avia_2_1\" class=\"text_input is_email\" type=\"text\" id=\"avia_2_1\" value=\"\" \/><\/p><p class='first_form  form_element form_fullwidth' id='element_avia_3_1'><label for=\"avia_3_1\">T\u00e9l\u00e9phone<\/label> <input name=\"avia_3_1\" class=\"text_input\" type=\"text\" id=\"avia_3_1\" value=\"\" \/><\/p><p class='first_form  form_element form_fullwidth' id='element_avia_4_1'><label for=\"avia_4_1\">Sujet <abbr class=\"required\" title=\"requis(e)\">*<\/abbr><\/label> <input name=\"avia_4_1\" class=\"text_input is_empty\" type=\"text\" id=\"avia_4_1\" value=\"\" \/><\/p><p class='first_form  form_element form_fullwidth' id='element_avia_5_1'><label for=\"avia_5_1\" class=\"textare_label hidden textare_label_avia_5_1\">Message <abbr class=\"required\" title=\"requis(e)\">*<\/abbr><\/label><textarea  name=\"avia_5_1\" class=\"text_area is_empty\" cols=\"40\" rows=\"7\" id=\"avia_5_1\" ><\/textarea><\/p><p class=\"hidden\"><input type=\"text\" name=\"avia_6_1\" class=\"hidden\" id=\"avia_6_1\" value=\"\" \/><\/p><p class='form_element form_fullwidth' id='element_avia_7_1'><span class='value_verifier_label'>2 + 3 = ?<\/span><input name=\"avia_7_1_verifier\" type=\"hidden\" id=\"avia_7_1_verifier\" value=\"357621341\"\/><label for=\"avia_7_1\">Merci de prouver que vous \u00eates un humain en donnant le r\u00e9sultat de cette op\u00e9ration <abbr class=\"required\" title=\"requis(e)\">*<\/abbr><\/label><input name=\"avia_7_1\" class=\"text_input captcha\" type=\"text\" id=\"avia_7_1\" value=\"\"\/><\/p><p class=\"form_element\"><input type=\"hidden\" value=\"1\" name=\"avia_generated_form1\" \/><input type=\"submit\" value=\"Envoyer\" class=\"button\"  data-sending-label=\"Envoi\"\/><\/p><\/fieldset><input type=\"hidden\" name=\"trp-form-language\" value=\"fr\"\/><\/form><div id=\"ajaxresponse_1\" class=\"ajaxresponse ajaxresponse_1 hidden\"><\/div><\/p><\/div>\n<div class='flex_column av-49h6-7f0b8482f14ab8299fecde64879fe296 av_one_third  avia-builder-el-8  el_after_av_two_third  avia-builder-el-last  flex_column_div'   ><p>\n<style type=\"text\/css\" data-created_by=\"avia_inline_auto\" id=\"style-css-av-ledcswxe-295ee91185eb4fc3510439f3fc035785\">\n#top .av-special-heading.av-ledcswxe-295ee91185eb4fc3510439f3fc035785{\npadding-bottom:10px;\n}\n<\/style>\n<div  class='av-special-heading av-ledcswxe-295ee91185eb4fc3510439f3fc035785 av-special-heading-h3 blockquote modern-quote modern-centered  avia-builder-el-9  el_before_av_hr  avia-builder-el-first'><h3 class='av-special-heading-tag'  itemprop=\"headline\"  >Autres fa\u00e7ons de nous contacter<\/h3><div class='special-heading-border'><div class='special-heading-inner-border'><\/div><\/div><\/div><br \/>\n\n<style type=\"text\/css\" data-created_by=\"avia_inline_auto\" id=\"style-css-av-ledcc75v-247f66defaa742870741f1bce5259208\">\n#top .hr.av-ledcc75v-247f66defaa742870741f1bce5259208{\nmargin-top:5px;\nmargin-bottom:75px;\n}\n.hr.av-ledcc75v-247f66defaa742870741f1bce5259208 .hr-inner{\nwidth:50px;\nborder-color:#efbb20;\n}\n<\/style>\n<div  class='hr av-ledcc75v-247f66defaa742870741f1bce5259208 hr-custom  avia-builder-el-10  el_after_av_heading  el_before_av_textblock  hr-center hr-icon-no'><span class='hr-inner inner-border-av-border-fat'><span class=\"hr-inner-style\"><\/span><\/span><\/div><br \/>\n<section class=\"av_textblock_section\"  itemscope=\"itemscope\" itemtype=\"https:\/\/schema.org\/CreativeWork\" ><div class='avia_textblock'   itemprop=\"text\" ><p><strong>Adresse<\/strong><\/p>\n<p>Route Moulay Thami, R\u00e9s. Miftah al Khair, Im C, N\u00b08 Casablanca, Morocco<\/p>\n<p><strong>Contact\u00a0<\/strong><\/p>\n<p><span style=\"color: #000000;\"><a style=\"color: #000000;\" href=\"mailto:info@swell-marine.com\">? info@swell-marine.com<\/a><\/span><\/p>\n<h6><em>Pour les op\u00e9rations<\/em> :<\/h6>\n<p><em><span class=\"p_icon_fax\"><img decoding=\"async\" src=\"https:\/\/swell-marine.com\/wp-content\/plugins\/contact-us-page-contact-people\/assets\/images\/p_icon_fax.png\" \/><\/span>\u00a000212522934046<\/em><\/p>\n<p><em><span class=\"p_icon_mobile\"><img decoding=\"async\" src=\"https:\/\/swell-marine.com\/wp-content\/plugins\/contact-us-page-contact-people\/assets\/images\/p_icon_mobile.png\" \/><\/span>\u00a0<span style=\"color: #000000;\"><a style=\"color: #000000;\" href=\"tel:00212664373867\">00212664373867<\/a><\/span><\/em><\/p>\n<h6><em>Pour les informations<\/em> :<\/h6>\n<p><em><span class=\"p_icon_fax\"><img decoding=\"async\" src=\"https:\/\/swell-marine.com\/wp-content\/plugins\/contact-us-page-contact-people\/assets\/images\/p_icon_fax.png\" \/><\/span>\u00a000212522934046<\/em><\/p>\n<p><em><span class=\"p_icon_mobile\"><img decoding=\"async\" src=\"https:\/\/swell-marine.com\/wp-content\/plugins\/contact-us-page-contact-people\/assets\/images\/p_icon_mobile.png\" \/><\/span>\u00a0<span style=\"color: #000000;\"><a style=\"color: #000000;\" href=\"tel:00212665766929\">00212665766929<\/a><\/span><\/em><\/p>\n<p><strong>Horaires d'ouverture :<\/strong><br \/>\nlun-ven : 8:30-18:30<br \/>\nSa: 8:00-12:30<br \/>\nDimanche : Ferm\u00e9<\/p>\n<\/div><\/section><\/p><\/div>","protected":false},"excerpt":{"rendered":"","protected":false},"author":1,"featured_media":0,"parent":0,"menu_order":0,"comment_status":"closed","ping_status":"closed","template":"","meta":{"_mi_skip_tracking":false},"yoast_head":"<!-- This site is optimized with the Yoast SEO plugin v20.1 - https:\/\/yoast.com\/wordpress\/plugins\/seo\/ -->\n<title>Who we are - Swell Marine<\/title>\n<meta name=\"description\" content=\"is the name tag to our Team\u2019s solid experience of over 20 years of multi and transdisciplinary commercial diving and marine construction services in national and foreign projects. &quot;Underwater Work&quot;\" \/>\n<meta name=\"robots\" content=\"index, follow, max-snippet:-1, max-image-preview:large, max-video-preview:-1\" \/>\n<link rel=\"canonical\" href=\"https:\/\/swell-marine.com\/fr\/who-we-are\/\" \/>\n<meta property=\"og:locale\" content=\"fr_FR\" \/>\n<meta property=\"og:type\" content=\"article\" \/>\n<meta property=\"og:title\" content=\"Who we are - Swell Marine\" \/>\n<meta property=\"og:description\" content=\"is the name tag to our Team\u2019s solid experience of over 20 years of multi and transdisciplinary commercial diving and marine construction services in national and foreign projects. &quot;Underwater Work&quot;\" \/>\n<meta property=\"og:url\" content=\"https:\/\/swell-marine.com\/fr\/who-we-are\/\" \/>\n<meta property=\"og:site_name\" content=\"Swell Marine\" \/>\n<meta property=\"article:modified_time\" content=\"2023-02-22T16:38:40+00:00\" \/>\n<meta property=\"og:image\" content=\"https:\/\/swell-marine.com\/wp-content\/plugins\/contact-us-page-contact-people\/assets\/images\/p_icon_fax.png\" \/>\n<meta name=\"twitter:card\" content=\"summary_large_image\" \/>\n<meta name=\"twitter:label1\" content=\"Dur\u00e9e de lecture estim\u00e9e\" \/>\n\t<meta name=\"twitter:data1\" content=\"4 minutes\" \/>\n<script type=\"application\/ld+json\" class=\"yoast-schema-graph\">{\"@context\":\"https:\/\/schema.org\",\"@graph\":[{\"@type\":\"WebPage\",\"@id\":\"https:\/\/swell-marine.com\/who-we-are\/\",\"url\":\"https:\/\/swell-marine.com\/who-we-are\/\",\"name\":\"Who we are - Swell Marine\",\"isPartOf\":{\"@id\":\"https:\/\/swell-marine.com\/#website\"},\"datePublished\":\"2019-02-20T12:05:23+00:00\",\"dateModified\":\"2023-02-22T16:38:40+00:00\",\"description\":\"is the name tag to our Team\u2019s solid experience of over 20 years of multi and transdisciplinary commercial diving and marine construction services in national and foreign projects. \\\"Underwater Work\\\"\",\"breadcrumb\":{\"@id\":\"https:\/\/swell-marine.com\/who-we-are\/#breadcrumb\"},\"inLanguage\":\"fr-FR\",\"potentialAction\":[{\"@type\":\"ReadAction\",\"target\":[\"https:\/\/swell-marine.com\/who-we-are\/\"]}]},{\"@type\":\"BreadcrumbList\",\"@id\":\"https:\/\/swell-marine.com\/who-we-are\/#breadcrumb\",\"itemListElement\":[{\"@type\":\"ListItem\",\"position\":1,\"name\":\"Home\",\"item\":\"https:\/\/swell-marine.com\/home\/\"},{\"@type\":\"ListItem\",\"position\":2,\"name\":\"Who we are\"}]},{\"@type\":\"WebSite\",\"@id\":\"https:\/\/swell-marine.com\/#website\",\"url\":\"https:\/\/swell-marine.com\/\",\"name\":\"Swell Marine Services\",\"description\":\"Underwater Works &amp; Marine Services\",\"publisher\":{\"@id\":\"https:\/\/swell-marine.com\/#organization\"},\"potentialAction\":[{\"@type\":\"SearchAction\",\"target\":{\"@type\":\"EntryPoint\",\"urlTemplate\":\"https:\/\/swell-marine.com\/?s={search_term_string}\"},\"query-input\":\"required name=search_term_string\"}],\"inLanguage\":\"fr-FR\"},{\"@type\":\"Organization\",\"@id\":\"https:\/\/swell-marine.com\/#organization\",\"name\":\"Swell Marine Services\",\"url\":\"https:\/\/swell-marine.com\/\",\"logo\":{\"@type\":\"ImageObject\",\"inLanguage\":\"fr-FR\",\"@id\":\"https:\/\/swell-marine.com\/#\/schema\/logo\/image\/\",\"url\":\"https:\/\/swell-marine.com\/wp-content\/uploads\/2019\/03\/Swell-Marine-Services-Logo-A2-2.png\",\"contentUrl\":\"https:\/\/swell-marine.com\/wp-content\/uploads\/2019\/03\/Swell-Marine-Services-Logo-A2-2.png\",\"width\":2000,\"height\":2000,\"caption\":\"Swell Marine Services\"},\"image\":{\"@id\":\"https:\/\/swell-marine.com\/#\/schema\/logo\/image\/\"}}]}<\/script>\n<!-- \/ Yoast SEO plugin. -->","yoast_head_json":{"title":"Who we are - Swell Marine","description":"is the name tag to our Team\u2019s solid experience of over 20 years of multi and transdisciplinary commercial diving and marine construction services in national and foreign projects. \"Underwater Work\"","robots":{"index":"index","follow":"follow","max-snippet":"max-snippet:-1","max-image-preview":"max-image-preview:large","max-video-preview":"max-video-preview:-1"},"canonical":"https:\/\/swell-marine.com\/fr\/who-we-are\/","og_locale":"fr_FR","og_type":"article","og_title":"Who we are - Swell Marine","og_description":"is the name tag to our Team\u2019s solid experience of over 20 years of multi and transdisciplinary commercial diving and marine construction services in national and foreign projects. \"Underwater Work\"","og_url":"https:\/\/swell-marine.com\/fr\/who-we-are\/","og_site_name":"Swell Marine","article_modified_time":"2023-02-22T16:38:40+00:00","og_image":[{"url":"https:\/\/swell-marine.com\/wp-content\/plugins\/contact-us-page-contact-people\/assets\/images\/p_icon_fax.png"}],"twitter_card":"summary_large_image","twitter_misc":{"Dur\u00e9e de lecture estim\u00e9e":"4 minutes"},"schema":{"@context":"https:\/\/schema.org","@graph":[{"@type":"WebPage","@id":"https:\/\/swell-marine.com\/who-we-are\/","url":"https:\/\/swell-marine.com\/who-we-are\/","name":"Who we are - Swell Marine","isPartOf":{"@id":"https:\/\/swell-marine.com\/#website"},"datePublished":"2019-02-20T12:05:23+00:00","dateModified":"2023-02-22T16:38:40+00:00","description":"is the name tag to our Team\u2019s solid experience of over 20 years of multi and transdisciplinary commercial diving and marine construction services in national and foreign projects. \"Underwater Work\"","breadcrumb":{"@id":"https:\/\/swell-marine.com\/who-we-are\/#breadcrumb"},"inLanguage":"fr-FR","potentialAction":[{"@type":"ReadAction","target":["https:\/\/swell-marine.com\/who-we-are\/"]}]},{"@type":"BreadcrumbList","@id":"https:\/\/swell-marine.com\/who-we-are\/#breadcrumb","itemListElement":[{"@type":"ListItem","position":1,"name":"Home","item":"https:\/\/swell-marine.com\/home\/"},{"@type":"ListItem","position":2,"name":"Who we are"}]},{"@type":"WebSite","@id":"https:\/\/swell-marine.com\/#website","url":"https:\/\/swell-marine.com\/","name":"Swell Marine Services","description":"Underwater Works &amp; Marine Services","publisher":{"@id":"https:\/\/swell-marine.com\/#organization"},"potentialAction":[{"@type":"SearchAction","target":{"@type":"EntryPoint","urlTemplate":"https:\/\/swell-marine.com\/?s={search_term_string}"},"query-input":"required name=search_term_string"}],"inLanguage":"fr-FR"},{"@type":"Organization","@id":"https:\/\/swell-marine.com\/#organization","name":"Swell Marine Services","url":"https:\/\/swell-marine.com\/","logo":{"@type":"ImageObject","inLanguage":"fr-FR","@id":"https:\/\/swell-marine.com\/#\/schema\/logo\/image\/","url":"https:\/\/swell-marine.com\/wp-content\/uploads\/2019\/03\/Swell-Marine-Services-Logo-A2-2.png","contentUrl":"https:\/\/swell-marine.com\/wp-content\/uploads\/2019\/03\/Swell-Marine-Services-Logo-A2-2.png","width":2000,"height":2000,"caption":"Swell Marine Services"},"image":{"@id":"https:\/\/swell-marine.com\/#\/schema\/logo\/image\/"}}]}},"_links":{"self":[{"href":"https:\/\/swell-marine.com\/fr\/wp-json\/wp\/v2\/pages\/6"}],"collection":[{"href":"https:\/\/swell-marine.com\/fr\/wp-json\/wp\/v2\/pages"}],"about":[{"href":"https:\/\/swell-marine.com\/fr\/wp-json\/wp\/v2\/types\/page"}],"author":[{"embeddable":true,"href":"https:\/\/swell-marine.com\/fr\/wp-json\/wp\/v2\/users\/1"}],"replies":[{"embeddable":true,"href":"https:\/\/swell-marine.com\/fr\/wp-json\/wp\/v2\/comments?post=6"}],"version-history":[{"count":50,"href":"https:\/\/swell-marine.com\/fr\/wp-json\/wp\/v2\/pages\/6\/revisions"}],"predecessor-version":[{"id":862,"href":"https:\/\/swell-marine.com\/fr\/wp-json\/wp\/v2\/pages\/6\/revisions\/862"}],"wp:attachment":[{"href":"https:\/\/swell-marine.com\/fr\/wp-json\/wp\/v2\/media?parent=6"}],"curies":[{"name":"wp","href":"https:\/\/api.w.org\/{rel}","templated":true}]}}